{"id":14,"date":"2016-10-04T13:21:03","date_gmt":"2016-10-04T13:21:03","guid":{"rendered":"https:\/\/auditorio.sanjuan.gob.ar\/?page_id=14"},"modified":"2016-12-22T14:07:15","modified_gmt":"2016-12-22T14:07:15","slug":"foyers","status":"publish","type":"page","link":"https:\/\/auditorio.sanjuan.gob.ar\/?page_id=14","title":{"rendered":"Foyers"},"content":{"rendered":"<div class=\"wpb-content-wrapper\"><p>[vc_row row_type=&#8221;row&#8221; use_row_as_full_screen_section=&#8221;no&#8221; type=&#8221;full_width&#8221; angled_section=&#8221;no&#8221; text_align=&#8221;left&#8221; background_image_as_pattern=&#8221;without_pattern&#8221; css_animation=&#8221;&#8221;][vc_column width=&#8221;2\/3&#8243;][vc_gallery type=&#8221;flexslider_slide&#8221; interval=&#8221;5&#8243; images=&#8221;17340,17341,17342,17343,17344,17345,17346&#8243; img_size=&#8221;large&#8221; direction_nav=&#8221;yes&#8221; control_nav=&#8221;yes&#8221; pause_on_hover=&#8221;yes&#8221;][\/vc_column][vc_column width=&#8221;1\/3&#8243;][vc_column_text]A lo largo de la Sala de Conciertos, se extienden al norte y al sur, dos espacios foyers que se utilizan como salas para exhibir obras pl\u00e1sticas, fotogr\u00e1ficas y exposiciones de gran envergadura, como as\u00ed tambi\u00e9n para conferencias o eventos especiales. Tienen una programaci\u00f3n anual dedicada fundamentalmente a la exhibici\u00f3n de las artes pl\u00e1sticas locales, nacionales e internacionales.[\/vc_column_text][\/vc_column][\/vc_row]<\/p>\n<\/div>","protected":false},"excerpt":{"rendered":"<p>[vc_row row_type=&#8221;row&#8221; use_row_as_full_screen_section=&#8221;no&#8221; type=&#8221;full_width&#8221; angled_section=&#8221;no&#8221; text_align=&#8221;left&#8221; background_image_as_pattern=&#8221;without_pattern&#8221; css_animation=&#8221;&#8221;][vc_column width=&#8221;2\/3&#8243;][vc_gallery type=&#8221;flexslider_slide&#8221; interval=&#8221;5&#8243; images=&#8221;17340,17341,17342,17343,17344,17345,17346&#8243; img_size=&#8221;large&#8221; direction_nav=&#8221;yes&#8221; control_nav=&#8221;yes&#8221; pause_on_hover=&#8221;yes&#8221;][\/vc_column][vc_column width=&#8221;1\/3&#8243;][vc_column_text]A lo largo de la Sala de Conciertos, se extienden al norte y al sur, dos espacios foyers que se utilizan como salas para exhibir obras pl\u00e1sticas, fotogr\u00e1ficas y&#8230;<\/p>\n","protected":false},"author":1,"featured_media":0,"parent":0,"menu_order":0,"comment_status":"closed","ping_status":"closed","template":"","meta":{"footnotes":""},"class_list":["post-14","page","type-page","status-publish","hentry"],"_links":{"self":[{"href":"https:\/\/auditorio.sanjuan.gob.ar\/index.php?rest_route=\/wp\/v2\/pages\/14","targetHints":{"allow":["GET"]}}],"collection":[{"href":"https:\/\/auditorio.sanjuan.gob.ar\/index.php?rest_route=\/wp\/v2\/pages"}],"about":[{"href":"https:\/\/auditorio.sanjuan.gob.ar\/index.php?rest_route=\/wp\/v2\/types\/page"}],"author":[{"embeddable":true,"href":"https:\/\/auditorio.sanjuan.gob.ar\/index.php?rest_route=\/wp\/v2\/users\/1"}],"replies":[{"embeddable":true,"href":"https:\/\/auditorio.sanjuan.gob.ar\/index.php?rest_route=%2Fwp%2Fv2%2Fcomments&post=14"}],"version-history":[{"count":4,"href":"https:\/\/auditorio.sanjuan.gob.ar\/index.php?rest_route=\/wp\/v2\/pages\/14\/revisions"}],"predecessor-version":[{"id":17348,"href":"https:\/\/auditorio.sanjuan.gob.ar\/index.php?rest_route=\/wp\/v2\/pages\/14\/revisions\/17348"}],"wp:attachment":[{"href":"https:\/\/auditorio.sanjuan.gob.ar\/index.php?rest_route=%2Fwp%2Fv2%2Fmedia&parent=14"}],"curies":[{"name":"wp","href":"https:\/\/api.w.org\/{rel}","templated":true}]}}