{"id":17261,"date":"2016-11-29T13:51:48","date_gmt":"2016-11-29T13:51:48","guid":{"rendered":"https:\/\/auditorio.sanjuan.gob.ar\/?page_id=17261"},"modified":"2016-12-22T14:11:02","modified_gmt":"2016-12-22T14:11:02","slug":"sala-ing-juan-victoria","status":"publish","type":"page","link":"https:\/\/auditorio.sanjuan.gob.ar\/?page_id=17261","title":{"rendered":"Sala Ing. Juan Victoria"},"content":{"rendered":"<div class=\"wpb-content-wrapper\"><p>[vc_row row_type=&#8221;row&#8221; use_row_as_full_screen_section=&#8221;no&#8221; type=&#8221;full_width&#8221; angled_section=&#8221;no&#8221; text_align=&#8221;left&#8221; background_image_as_pattern=&#8221;without_pattern&#8221; css_animation=&#8221;&#8221;][vc_column width=&#8221;2\/3&#8243;][vc_gallery type=&#8221;flexslider_slide&#8221; interval=&#8221;5&#8243; images=&#8221;17328,17327,17326,17325,17324,17323&#8243; img_size=&#8221;large&#8221; direction_nav=&#8221;yes&#8221; control_nav=&#8221;yes&#8221; pause_on_hover=&#8221;yes&#8221; frame=&#8221;no&#8221;][\/vc_column][vc_column width=&#8221;1\/3&#8243;][vc_column_text]La Sala de Conciertos Juan Victoria fue creada especialmente para la difusi\u00f3n de la m\u00fasica. En este sentido, es el escenario m\u00e1s importante de la provincia de San Juan, y sin duda uno de los m\u00e1s importantes del pa\u00eds.<br \/>\nLa sala es rectangular, y la proporci\u00f3n de las medidas es perfecta para crear una caja de resonancia apropiada para el goce est\u00e9tico musical. Las 976 butacas de la sala est\u00e1n distribuidas en declive y dise\u00f1adas para permitir a sus ocupantes apreciar los espect\u00e1culos c\u00f3modamente y con la misma calidad sonora desde cualquier sector.<br \/>\nEn la parte inferior de la sala se encuentra el escenario que permite la actuaci\u00f3n de una orquesta sinf\u00f3nica y un gran coro en forma simult\u00e1nea. Todos los aspectos constructivos y revestimientos de la sala han sido cuidadosamente pensados y dise\u00f1ados para lograr una excelente absorci\u00f3n de la energ\u00eda que incide directamente sobre el piso, impidiendo la dispersi\u00f3n sonora en la sala, a\u00fan cuando \u00e9sta est\u00e9 vac\u00eda.<\/p>\n<p>El Auditorio Juan Victoria es la sala de conciertos m\u00e1s activa del interior del pa\u00eds. Cada a\u00f1o se lleva a cabo en la misma una importante temporada art\u00edstica, la cual incluye,<br \/>\nadem\u00e1s de los conciertos de producci\u00f3n propia, las presentaciones de los cuerpos estables de la Universidad Nacional de San Juan (Orquesta Sinf\u00f3nica y Juvenil, C\u00e1tedra de organo y Coros), las funciones de abono de Mozarteum Argentino filial San Juan, los Festivales Internacionales de Coros \u201cSan Juan Coral\u201d organizados por la Universidad Cat\u00f3lica de Cuyo y la actividad de la Asociaci\u00f3n Amigos de la M\u00fasica, entre otros destacados generadores art\u00edsticos como los coros Villicum y Berutti.<\/p>\n<p>El Auditorio Juan Victoria ofrece a los artistas un inmejorable escenario, el cual es considerado uno de los polos culturales del interior del pa\u00eds. En m\u00e1s de 3 d\u00e9cadas de vida cultural se han presentado en este importante escenario los m\u00e1s destacados artistas de orden nacional e internacional.[\/vc_column_text][\/vc_column][\/vc_row]<\/p>\n<\/div>","protected":false},"excerpt":{"rendered":"<p>[vc_row row_type=&#8221;row&#8221; use_row_as_full_screen_section=&#8221;no&#8221; type=&#8221;full_width&#8221; angled_section=&#8221;no&#8221; text_align=&#8221;left&#8221; background_image_as_pattern=&#8221;without_pattern&#8221; css_animation=&#8221;&#8221;][vc_column width=&#8221;2\/3&#8243;][vc_gallery type=&#8221;flexslider_slide&#8221; interval=&#8221;5&#8243; images=&#8221;17328,17327,17326,17325,17324,17323&#8243; img_size=&#8221;large&#8221; direction_nav=&#8221;yes&#8221; control_nav=&#8221;yes&#8221; pause_on_hover=&#8221;yes&#8221; frame=&#8221;no&#8221;][\/vc_column][vc_column width=&#8221;1\/3&#8243;][vc_column_text]La Sala de Conciertos Juan Victoria fue creada especialmente para la difusi\u00f3n de la m\u00fasica. En este sentido, es el escenario m\u00e1s importante de la provincia de San&#8230;<\/p>\n","protected":false},"author":1,"featured_media":0,"parent":0,"menu_order":0,"comment_status":"closed","ping_status":"closed","template":"","meta":{"footnotes":""},"class_list":["post-17261","page","type-page","status-publish","hentry"],"_links":{"self":[{"href":"https:\/\/auditorio.sanjuan.gob.ar\/index.php?rest_route=\/wp\/v2\/pages\/17261","targetHints":{"allow":["GET"]}}],"collection":[{"href":"https:\/\/auditorio.sanjuan.gob.ar\/index.php?rest_route=\/wp\/v2\/pages"}],"about":[{"href":"https:\/\/auditorio.sanjuan.gob.ar\/index.php?rest_route=\/wp\/v2\/types\/page"}],"author":[{"embeddable":true,"href":"https:\/\/auditorio.sanjuan.gob.ar\/index.php?rest_route=\/wp\/v2\/users\/1"}],"replies":[{"embeddable":true,"href":"https:\/\/auditorio.sanjuan.gob.ar\/index.php?rest_route=%2Fwp%2Fv2%2Fcomments&post=17261"}],"version-history":[{"count":21,"href":"https:\/\/auditorio.sanjuan.gob.ar\/index.php?rest_route=\/wp\/v2\/pages\/17261\/revisions"}],"predecessor-version":[{"id":17350,"href":"https:\/\/auditorio.sanjuan.gob.ar\/index.php?rest_route=\/wp\/v2\/pages\/17261\/revisions\/17350"}],"wp:attachment":[{"href":"https:\/\/auditorio.sanjuan.gob.ar\/index.php?rest_route=%2Fwp%2Fv2%2Fmedia&parent=17261"}],"curies":[{"name":"wp","href":"https:\/\/api.w.org\/{rel}","templated":true}]}}