{"id":17353,"date":"2016-12-22T14:27:26","date_gmt":"2016-12-22T14:27:26","guid":{"rendered":"https:\/\/auditorio.sanjuan.gob.ar\/?page_id=17353"},"modified":"2016-12-22T14:27:26","modified_gmt":"2016-12-22T14:27:26","slug":"el-organo","status":"publish","type":"page","link":"https:\/\/auditorio.sanjuan.gob.ar\/?page_id=17353","title":{"rendered":"El Organo"},"content":{"rendered":"<div class=\"wpb-content-wrapper\"><p>[vc_row row_type=&#8221;row&#8221; use_row_as_full_screen_section=&#8221;no&#8221; type=&#8221;full_width&#8221; angled_section=&#8221;no&#8221; text_align=&#8221;left&#8221; background_image_as_pattern=&#8221;without_pattern&#8221; css_animation=&#8221;&#8221;][vc_column width=&#8221;2\/3&#8243;][vc_gallery type=&#8221;flexslider_slide&#8221; interval=&#8221;5&#8243; images=&#8221;17354,17355,17356,17357,17358&#8243; img_size=&#8221;large&#8221; direction_nav=&#8221;yes&#8221; control_nav=&#8221;yes&#8221; pause_on_hover=&#8221;yes&#8221; frame=&#8221;no&#8221;][\/vc_column][vc_column width=&#8221;1\/3&#8243;][vc_column_text]El \u00f3rgano fue adquirido en el a\u00f1o 1967 a la firma Walcker en Ludwigsburg, Alemania, con todos los adelantos t\u00e9cnicos que significaban para la \u00e9poca. Con 44 registros, 3 manuales y una pedalera de 2 ocatavas y media, y 3.565 tubos, fue concebido para la pr\u00e1ctica de ejecutantes avanzados y concertistas. La exquisita gama tonal es producida por tubos de madera que dan los sonidos graves y los m\u00e1s brillantes por los de cobre. Los tubos met\u00e1licos, excepto los de cobre, han sido construidos con aleaci\u00f3n de esta\u00f1o y plomo a fin de obtener el sonido brillante que distingue los \u00f3rganos de concierto de los lit\u00fargicos. Los tubos que producen los sonidos m\u00e1s graves son de madera en multil\u00e1minas compensadas.<\/p>\n<p>Adem\u00e1s presenta entre sus recursos t\u00e9cnicos, una memoria electr\u00f3nica. Tanto los docentes como los alumnos de la c\u00e1tedra de \u00f3rgano de la Universidad Nacional de San Juan, as\u00ed como prestigiosos organistas invitados de otros centros nacionales e internacionales, hacen uso permanente de este instrumento presentando, anualmente su ciclo de conciertos.<\/p>\n<hr size=\"1\" \/>\n<p>[\/vc_column_text][\/vc_column][\/vc_row]<\/p>\n<\/div>","protected":false},"excerpt":{"rendered":"<p>[vc_row row_type=&#8221;row&#8221; use_row_as_full_screen_section=&#8221;no&#8221; type=&#8221;full_width&#8221; angled_section=&#8221;no&#8221; text_align=&#8221;left&#8221; background_image_as_pattern=&#8221;without_pattern&#8221; css_animation=&#8221;&#8221;][vc_column width=&#8221;2\/3&#8243;][vc_gallery type=&#8221;flexslider_slide&#8221; interval=&#8221;5&#8243; images=&#8221;17354,17355,17356,17357,17358&#8243; img_size=&#8221;large&#8221; direction_nav=&#8221;yes&#8221; control_nav=&#8221;yes&#8221; pause_on_hover=&#8221;yes&#8221; frame=&#8221;no&#8221;][\/vc_column][vc_column width=&#8221;1\/3&#8243;][vc_column_text]El \u00f3rgano fue adquirido en el a\u00f1o 1967 a la firma Walcker en Ludwigsburg, Alemania, con todos los adelantos t\u00e9cnicos que significaban para la \u00e9poca. Con 44 registros,&#8230;<\/p>\n","protected":false},"author":1,"featured_media":0,"parent":0,"menu_order":0,"comment_status":"closed","ping_status":"closed","template":"","meta":{"footnotes":""},"class_list":["post-17353","page","type-page","status-publish","hentry"],"_links":{"self":[{"href":"https:\/\/auditorio.sanjuan.gob.ar\/index.php?rest_route=\/wp\/v2\/pages\/17353","targetHints":{"allow":["GET"]}}],"collection":[{"href":"https:\/\/auditorio.sanjuan.gob.ar\/index.php?rest_route=\/wp\/v2\/pages"}],"about":[{"href":"https:\/\/auditorio.sanjuan.gob.ar\/index.php?rest_route=\/wp\/v2\/types\/page"}],"author":[{"embeddable":true,"href":"https:\/\/auditorio.sanjuan.gob.ar\/index.php?rest_route=\/wp\/v2\/users\/1"}],"replies":[{"embeddable":true,"href":"https:\/\/auditorio.sanjuan.gob.ar\/index.php?rest_route=%2Fwp%2Fv2%2Fcomments&post=17353"}],"version-history":[{"count":1,"href":"https:\/\/auditorio.sanjuan.gob.ar\/index.php?rest_route=\/wp\/v2\/pages\/17353\/revisions"}],"predecessor-version":[{"id":17359,"href":"https:\/\/auditorio.sanjuan.gob.ar\/index.php?rest_route=\/wp\/v2\/pages\/17353\/revisions\/17359"}],"wp:attachment":[{"href":"https:\/\/auditorio.sanjuan.gob.ar\/index.php?rest_route=%2Fwp%2Fv2%2Fmedia&parent=17353"}],"curies":[{"name":"wp","href":"https:\/\/api.w.org\/{rel}","templated":true}]}}