{"id":24,"date":"2016-10-04T13:52:34","date_gmt":"2016-10-04T13:52:34","guid":{"rendered":"https:\/\/auditorio.sanjuan.gob.ar\/?page_id=24"},"modified":"2016-12-22T14:07:30","modified_gmt":"2016-12-22T14:07:30","slug":"anfiteatro","status":"publish","type":"page","link":"https:\/\/auditorio.sanjuan.gob.ar\/?page_id=24","title":{"rendered":"Anfiteatro"},"content":{"rendered":"<div id=\"pl-24\"  class=\"panel-layout\" ><div id=\"pg-24-0\"  class=\"panel-grid panel-no-style\" ><div id=\"pgc-24-0-0\"  class=\"panel-grid-cell\" ><div id=\"panel-24-0-0-0\" class=\"so-panel widget widget_sow-editor panel-first-child panel-last-child\" data-index=\"0\" ><div\n\t\t\t\n\t\t\tclass=\"so-widget-sow-editor so-widget-sow-editor-base\"\n\t\t\t\n\t\t>\n<div class=\"siteorigin-widget-tinymce textwidget\">\n\t<p>El Anfiteatro est\u00e1 emplazado en la zona de los jardines del edificio y rodeado de una frondosa arboleda que ayuda a mitigar el t\u00f3rrido clima sanjuanino. Es un foso de m\u00e1s de 3.000 m3 con una superficie edificada de 512 m2. Erigido sobre una estructura de hormig\u00f3n y embellecido por senderos entre gradas realizados en piedra laja, el Anfiteatro termina en un amplio escenario enmarcado por dos muros revestidos en travertino que franquean el ingreso a los camarines. De notable belleza por la simetr\u00eda de sus proporciones, el anfiteatro presenta una grader\u00eda de algarrobo que posibilita el acceso a 850 personas sentadas. El clima de San Juan hace propicio el uso frecuente para desarrollar variados espect\u00e1culos de diversas manifestaciones art\u00edsticas.<\/p>\n<p>\u00a0<\/p>\n<\/div>\n<\/div><\/div><\/div><\/div><\/div>","protected":false},"excerpt":{"rendered":"<p>El Anfiteatro est\u00e1 emplazado en la zona de los jardines del edificio y rodeado de una frondosa arboleda que ayuda a mitigar el t\u00f3rrido clima sanjuanino. Es un foso de m\u00e1s de 3.000 m3 con una superficie edificada de 512 m2. Erigido sobre una estructura&#8230;<\/p>\n","protected":false},"author":1,"featured_media":0,"parent":0,"menu_order":0,"comment_status":"closed","ping_status":"closed","template":"","meta":{"footnotes":""},"class_list":["post-24","page","type-page","status-publish","hentry"],"_links":{"self":[{"href":"https:\/\/auditorio.sanjuan.gob.ar\/index.php?rest_route=\/wp\/v2\/pages\/24","targetHints":{"allow":["GET"]}}],"collection":[{"href":"https:\/\/auditorio.sanjuan.gob.ar\/index.php?rest_route=\/wp\/v2\/pages"}],"about":[{"href":"https:\/\/auditorio.sanjuan.gob.ar\/index.php?rest_route=\/wp\/v2\/types\/page"}],"author":[{"embeddable":true,"href":"https:\/\/auditorio.sanjuan.gob.ar\/index.php?rest_route=\/wp\/v2\/users\/1"}],"replies":[{"embeddable":true,"href":"https:\/\/auditorio.sanjuan.gob.ar\/index.php?rest_route=%2Fwp%2Fv2%2Fcomments&post=24"}],"version-history":[{"count":8,"href":"https:\/\/auditorio.sanjuan.gob.ar\/index.php?rest_route=\/wp\/v2\/pages\/24\/revisions"}],"predecessor-version":[{"id":17349,"href":"https:\/\/auditorio.sanjuan.gob.ar\/index.php?rest_route=\/wp\/v2\/pages\/24\/revisions\/17349"}],"wp:attachment":[{"href":"https:\/\/auditorio.sanjuan.gob.ar\/index.php?rest_route=%2Fwp%2Fv2%2Fmedia&parent=24"}],"curies":[{"name":"wp","href":"https:\/\/api.w.org\/{rel}","templated":true}]}}