{"id":8,"date":"2016-10-04T13:18:05","date_gmt":"2016-10-04T13:18:05","guid":{"rendered":"https:\/\/auditorio.sanjuan.gob.ar\/?page_id=8"},"modified":"2016-10-04T13:18:05","modified_gmt":"2016-10-04T13:18:05","slug":"complejo-cultural","status":"publish","type":"page","link":"https:\/\/auditorio.sanjuan.gob.ar\/?page_id=8","title":{"rendered":"Complejo Cultural"},"content":{"rendered":"<p><img loading=\"lazy\" decoding=\"async\" class=\"alignleft size-large wp-image-9\" src=\"https:\/\/auditorio.sanjuan.gob.ar\/wp-content\/uploads\/2016\/10\/auditorio_frente-1024x370.jpg\" alt=\"auditorio_frente\" width=\"980\" height=\"354\" srcset=\"https:\/\/auditorio.sanjuan.gob.ar\/wp-content\/uploads\/2016\/10\/auditorio_frente-1024x370.jpg 1024w, https:\/\/auditorio.sanjuan.gob.ar\/wp-content\/uploads\/2016\/10\/auditorio_frente-300x108.jpg 300w, https:\/\/auditorio.sanjuan.gob.ar\/wp-content\/uploads\/2016\/10\/auditorio_frente-768x277.jpg 768w, https:\/\/auditorio.sanjuan.gob.ar\/wp-content\/uploads\/2016\/10\/auditorio_frente.jpg 1108w\" sizes=\"auto, (max-width: 980px) 100vw, 980px\" \/>El Complejo Cultural Auditorio \u201cJuan Victoria\u201d se ubica frente al Parque de Mayo y al Estadio Abierto Aldo Cantoni en la ciudad de San Juan, ocupando una extensi\u00f3n superior a los 25.000 m2, cuya superficie cubierta es de 6.880 m2.<\/p>\n<p>Se inaugura en 1970, siendo una obra \u00fanica por sus caracter\u00edsticas en la Argentina. Alberga a la Escuela Superior de M\u00fasica, constitu\u00edda por 18 aulas tratadas ac\u00fasticamente en paredes, techos y pisos, que las hace aptas para ejecutar m\u00fasica simult\u00e1neamente, en ambientes contiguos, sin interferencia alguna. La sala de conciertos Auditorio Juan Victoria tiene una capacidad de 976 butacas, est\u00e1 dotada de un gran \u00f3rgano y es muy apreciada por sus caracter\u00edsticas ac\u00fasticas. En dos niveles y detr\u00e1s del escenario, se encuentran ubicados 14 camarines, dep\u00f3sitos y la sala de m\u00e1quinas del \u00f3rgano.<br \/>\nDos grandes foyers rodean la sala del Auditorio, y la separan de las aulas de la escuela de M\u00fasica que funciona en el primer y segundo piso del edificio.<\/p>\n<p>El subsuelo del ala sur es el espacio de ensayo permanente dela Orquesta Juvenil de la Universidad Nacional de San Juan, como as\u00ed tambi\u00e9n de diversos coros y grupos de m\u00fasica de c\u00e1mara.<\/p>\n<p>Complementa el complejo un teatro al aire libre, con una capacidad para 850 personas. Adem\u00e1s, el complejo posee un estacionamiento con una capacidad limitada a 120 veh\u00edculos.<\/p>\n<p>Desde el a\u00f1o 2001 el Complejo Cultural Auditorio Juan Victoria vive un proceso de recuperaci\u00f3n f\u00edsica de sus espacios, capacitaci\u00f3n de sus recursos humanos e implementaci\u00f3n de un adecuado sistema de gesti\u00f3n.<\/p>\n","protected":false},"excerpt":{"rendered":"<p>El Complejo Cultural Auditorio \u201cJuan Victoria\u201d se ubica frente al Parque de Mayo y al Estadio Abierto Aldo Cantoni en la ciudad de San Juan, ocupando una extensi\u00f3n superior a los 25.000 m2, cuya superficie cubierta es de 6.880 m2. Se inaugura en 1970, siendo&#8230;<\/p>\n","protected":false},"author":1,"featured_media":0,"parent":0,"menu_order":0,"comment_status":"closed","ping_status":"closed","template":"","meta":{"footnotes":""},"class_list":["post-8","page","type-page","status-publish","hentry"],"_links":{"self":[{"href":"https:\/\/auditorio.sanjuan.gob.ar\/index.php?rest_route=\/wp\/v2\/pages\/8","targetHints":{"allow":["GET"]}}],"collection":[{"href":"https:\/\/auditorio.sanjuan.gob.ar\/index.php?rest_route=\/wp\/v2\/pages"}],"about":[{"href":"https:\/\/auditorio.sanjuan.gob.ar\/index.php?rest_route=\/wp\/v2\/types\/page"}],"author":[{"embeddable":true,"href":"https:\/\/auditorio.sanjuan.gob.ar\/index.php?rest_route=\/wp\/v2\/users\/1"}],"replies":[{"embeddable":true,"href":"https:\/\/auditorio.sanjuan.gob.ar\/index.php?rest_route=%2Fwp%2Fv2%2Fcomments&post=8"}],"version-history":[{"count":1,"href":"https:\/\/auditorio.sanjuan.gob.ar\/index.php?rest_route=\/wp\/v2\/pages\/8\/revisions"}],"predecessor-version":[{"id":10,"href":"https:\/\/auditorio.sanjuan.gob.ar\/index.php?rest_route=\/wp\/v2\/pages\/8\/revisions\/10"}],"wp:attachment":[{"href":"https:\/\/auditorio.sanjuan.gob.ar\/index.php?rest_route=%2Fwp%2Fv2%2Fmedia&parent=8"}],"curies":[{"name":"wp","href":"https:\/\/api.w.org\/{rel}","templated":true}]}}